{"id":93,"date":"2023-07-07T15:01:34","date_gmt":"2023-07-07T13:01:34","guid":{"rendered":"https:\/\/helfer.openairdeisswil.ch\/?page_id=93"},"modified":"2025-07-20T18:57:02","modified_gmt":"2025-07-20T16:57:02","slug":"eingang","status":"publish","type":"page","link":"https:\/\/helfer.openairdeisswil.ch\/index.php\/eingang\/","title":{"rendered":"Eingang und Zugangspr\u00e4senz"},"content":{"rendered":"\n<p><em>Ansprechperson: Noemi <\/em><\/p>\n\n\n\n<h2 class=\"wp-block-heading\">Eingangskontrolle<\/h2>\n\n\n\n<ol style=\"list-style-type:1\" class=\"wp-block-list\">\n<li><a href=\"https:\/\/eventfrog.ch\/de\/veranstalten\/entry.html\" data-type=\"URL\" data-id=\"https:\/\/eventfrog.ch\/de\/veranstalter\/entry.html).\" target=\"_blank\" rel=\"noreferrer noopener\">Eventfrog Entry App<\/a> herunterladen\u00a0<\/li>\n\n\n\n<li>QR-Code am Eingang scannen&nbsp;<\/li>\n\n\n\n<li>Kontrollpunkt <strong>\u201cEingang\u201d<\/strong> ausw\u00e4hlen&nbsp;<\/li>\n\n\n\n<li>Tickets scannen&nbsp;<\/li>\n\n\n\n<li>B\u00e4ndel geben und befestigen&nbsp;&nbsp;<\/li>\n\n\n\n<li>Bei unter 16 oder 18 J\u00e4hrigen: die entsprechenden B\u00e4ndeli-Enden abschneiden&nbsp;<\/li>\n<\/ol>\n\n\n\n<p class=\"has-white-color has-light-gray-background-color has-text-color has-background\">\u00dcber 16-J\u00e4hrig: Geburtstag vor dem 01.\/02.08.2009<br>\u00dcber 18-J\u00e4hrig: Geburtstag vor dem 01.\/02.08.2007<\/p>\n\n\n\n<p>B\u00e4ndeli Donnerstag<\/p>\n\n\n\n<figure class=\"wp-block-image size-large\"><img loading=\"lazy\" decoding=\"async\" width=\"1024\" height=\"44\" src=\"https:\/\/helfer.openairdeisswil.ch\/wp-content\/uploads\/2024\/08\/Baendeli_24_lachs-1-1024x44.jpg\" alt=\"\" class=\"wp-image-242\" srcset=\"https:\/\/helfer.openairdeisswil.ch\/wp-content\/uploads\/2024\/08\/Baendeli_24_lachs-1-1024x44.jpg 1024w, https:\/\/helfer.openairdeisswil.ch\/wp-content\/uploads\/2024\/08\/Baendeli_24_lachs-1-300x13.jpg 300w, https:\/\/helfer.openairdeisswil.ch\/wp-content\/uploads\/2024\/08\/Baendeli_24_lachs-1-768x33.jpg 768w, https:\/\/helfer.openairdeisswil.ch\/wp-content\/uploads\/2024\/08\/Baendeli_24_lachs-1-1536x66.jpg 1536w, https:\/\/helfer.openairdeisswil.ch\/wp-content\/uploads\/2024\/08\/Baendeli_24_lachs-1-2048x88.jpg 2048w, https:\/\/helfer.openairdeisswil.ch\/wp-content\/uploads\/2024\/08\/Baendeli_24_lachs-1-900x39.jpg 900w, https:\/\/helfer.openairdeisswil.ch\/wp-content\/uploads\/2024\/08\/Baendeli_24_lachs-1-1280x55.jpg 1280w\" sizes=\"auto, (max-width: 1024px) 100vw, 1024px\" \/><\/figure>\n\n\n\n<p>B\u00e4ndeli Freitag<\/p>\n\n\n\n<figure class=\"wp-block-image size-large\"><img loading=\"lazy\" decoding=\"async\" width=\"1024\" height=\"43\" src=\"https:\/\/helfer.openairdeisswil.ch\/wp-content\/uploads\/2025\/07\/Baendeli_25_pink-1024x43.png\" alt=\"\" class=\"wp-image-297\" srcset=\"https:\/\/helfer.openairdeisswil.ch\/wp-content\/uploads\/2025\/07\/Baendeli_25_pink-1024x43.png 1024w, https:\/\/helfer.openairdeisswil.ch\/wp-content\/uploads\/2025\/07\/Baendeli_25_pink-300x13.png 300w, https:\/\/helfer.openairdeisswil.ch\/wp-content\/uploads\/2025\/07\/Baendeli_25_pink-768x32.png 768w, https:\/\/helfer.openairdeisswil.ch\/wp-content\/uploads\/2025\/07\/Baendeli_25_pink-900x38.png 900w, https:\/\/helfer.openairdeisswil.ch\/wp-content\/uploads\/2025\/07\/Baendeli_25_pink.png 1050w\" sizes=\"auto, (max-width: 1024px) 100vw, 1024px\" \/><\/figure>\n\n\n\n<p>B\u00e4ndeli Samstag<\/p>\n\n\n\n<figure class=\"wp-block-image size-large\"><img loading=\"lazy\" decoding=\"async\" width=\"1024\" height=\"43\" src=\"https:\/\/helfer.openairdeisswil.ch\/wp-content\/uploads\/2025\/07\/Baendeli_25_gruen-1024x43.png\" alt=\"\" class=\"wp-image-298\" srcset=\"https:\/\/helfer.openairdeisswil.ch\/wp-content\/uploads\/2025\/07\/Baendeli_25_gruen-1024x43.png 1024w, https:\/\/helfer.openairdeisswil.ch\/wp-content\/uploads\/2025\/07\/Baendeli_25_gruen-300x13.png 300w, https:\/\/helfer.openairdeisswil.ch\/wp-content\/uploads\/2025\/07\/Baendeli_25_gruen-768x32.png 768w, https:\/\/helfer.openairdeisswil.ch\/wp-content\/uploads\/2025\/07\/Baendeli_25_gruen-900x38.png 900w, https:\/\/helfer.openairdeisswil.ch\/wp-content\/uploads\/2025\/07\/Baendeli_25_gruen.png 1050w\" sizes=\"auto, (max-width: 1024px) 100vw, 1024px\" \/><\/figure>\n\n\n\n<p>Die B\u00e4ndeli werden direkt beim Eingang am Handgelenk angebracht. Bitte gerade selbst anbringen, damit das B\u00e4ndeli nicht weitergegeben werden kann und darauf achten, dass das Plastik so eng angezogen wird, dass man das B\u00e4ndeli nicht mehr abnehmen kann. Es gibt je ein B\u00e4ndeli f\u00fcr Freitag und Samstag. <\/p>\n\n\n\n<p><strong><em>Wenn G\u00e4ste ein Zweitagesticket aufweisen, darf trotzdem nur das B\u00e4ndeli f\u00fcr den aktuellen Tag abgegeben werden. Sie sollen das Ticket am n\u00e4chsten Tag nochmals vorweisen.<\/em><\/strong><\/p>\n\n\n\n<h3 class=\"wp-block-heading\">Abendkasse<\/h3>\n\n\n\n<p>Die Abendkasse kostet 5 CHF mehr als im Vorverkauf&nbsp;<\/p>\n\n\n\n<ul class=\"wp-block-list\">\n<li>Donnerstag: 10 CHF (Kinder gratis)<\/li>\n\n\n\n<li>Freitag: 50 CHF (Kinder 12-16: 25 CHF)&nbsp;<\/li>\n\n\n\n<li>Samstag: 55 CHF (Kinder: 12-16: 30 CHF)&nbsp;<\/li>\n<\/ul>\n\n\n\n<p>(Kinder unter 12 Jahren sind gratis)&nbsp;<\/p>\n\n\n\n<p>Nach dem Headliner kostet es nur noch 25 CHF&nbsp;<\/p>\n\n\n\n<p>Falls jemand mit Karte zahlen m\u00f6chte, Noemi anfunken.<\/p>\n\n\n\n<h3 class=\"wp-block-heading\">Anwohner*innen, Deisswiler*innen und Sponsoren<\/h3>\n\n\n\n<ul class=\"wp-block-list\">\n<li>Haben alle ein Ticket<\/li>\n<\/ul>\n\n\n\n<h3 class=\"wp-block-heading\">Helfer*innen<\/h3>\n\n\n\n<div class=\"wp-block-group is-nowrap is-layout-flex wp-container-core-group-is-layout-ad2f72ca wp-block-group-is-layout-flex\">\n<ul class=\"wp-block-list\">\n<li>Melden sich mit Namen -&gt; mit Liste abgleichen&nbsp;<\/li>\n\n\n\n<li>Shirt geben&nbsp;<\/li>\n\n\n\n<li>Badge (mit Bons) geben<\/li>\n<\/ul>\n<\/div>\n\n\n\n<h2 class=\"wp-block-heading\">Zugangspr\u00e4senz<\/h2>\n\n\n\n<p>Es sind meistens zwei Personen bei der Ticketkontrolle eingeteilt und eine Person als Zugangspr\u00e4senz. Wenn du als Zugangspr\u00e4senz eingeteilt bist, kannst du deine Funktion je nach Auslastung des Eingangs anpassen und gerne auch bei der Ticketkontrolle aushelfen. Sonst geht es darum, die B\u00e4ndeli von Personen zu kontrollieren und bei der Taschenkontrolle zu unterst\u00fctzen. Du musst auch gelegentlich schauen, dass alle den ordentlichen Eingang zum Gel\u00e4nde finden und nicht zwischen den Wohnh\u00e4usern herumgeistern. Falls es irgendeinen Vorfall gibt, die Security dazu rufen.<\/p>\n\n\n\n<p>Seitlich zum Eingang befindet sich ein Tor f\u00fcr die Musiker*innen der Bruchbar-B\u00fchne. Nur diese Musiker*innen d\u00fcrfen dort parkieren, ausladen und diesen Durchgang verwenden. Bitte haltet ein Auge darauf, dass sich dort keine G\u00e4ste Zugang verschaffen.<\/p>\n\n\n\n<p><strong>Das Mitbringen von eigenen Getr\u00e4nken, Essen und Waffen ist verboten.<\/strong> Die Security hat den Lead \u00fcber die Taschenkontrolle und f\u00fchrt diese durch.  Nach M\u00f6glichkeit sollte die Security dabei unterst\u00fctzt werden.<\/p>\n","protected":false},"excerpt":{"rendered":"<p>Ansprechperson: Noemi Eingangskontrolle \u00dcber 16-J\u00e4hrig: Geburtstag vor dem 01.\/02.08.2009\u00dcber 18-J\u00e4hrig: Geburtstag vor dem 01.\/02.08.2007 B\u00e4ndeli Donnerstag B\u00e4ndeli Freitag B\u00e4ndeli Samstag Die B\u00e4ndeli werden direkt beim Eingang am Handgelenk angebracht. Bitte gerade selbst anbringen, damit das B\u00e4ndeli nicht weitergegeben werden kann und darauf achten, dass das Plastik so eng angezogen wird, dass man das B\u00e4ndeli nicht [&hellip;]<\/p>\n","protected":false},"author":2,"featured_media":0,"parent":0,"menu_order":0,"comment_status":"closed","ping_status":"closed","template":"full-width-page-template.php","meta":{"footnotes":""},"class_list":["post-93","page","type-page","status-publish","hentry"],"_links":{"self":[{"href":"https:\/\/helfer.openairdeisswil.ch\/index.php\/wp-json\/wp\/v2\/pages\/93","targetHints":{"allow":["GET"]}}],"collection":[{"href":"https:\/\/helfer.openairdeisswil.ch\/index.php\/wp-json\/wp\/v2\/pages"}],"about":[{"href":"https:\/\/helfer.openairdeisswil.ch\/index.php\/wp-json\/wp\/v2\/types\/page"}],"author":[{"embeddable":true,"href":"https:\/\/helfer.openairdeisswil.ch\/index.php\/wp-json\/wp\/v2\/users\/2"}],"replies":[{"embeddable":true,"href":"https:\/\/helfer.openairdeisswil.ch\/index.php\/wp-json\/wp\/v2\/comments?post=93"}],"version-history":[{"count":16,"href":"https:\/\/helfer.openairdeisswil.ch\/index.php\/wp-json\/wp\/v2\/pages\/93\/revisions"}],"predecessor-version":[{"id":326,"href":"https:\/\/helfer.openairdeisswil.ch\/index.php\/wp-json\/wp\/v2\/pages\/93\/revisions\/326"}],"wp:attachment":[{"href":"https:\/\/helfer.openairdeisswil.ch\/index.php\/wp-json\/wp\/v2\/media?parent=93"}],"curies":[{"name":"wp","href":"https:\/\/api.w.org\/{rel}","templated":true}]}}