{"id":73,"date":"2023-07-07T14:35:44","date_gmt":"2023-07-07T12:35:44","guid":{"rendered":"https:\/\/helfer.openairdeisswil.ch\/?page_id=73"},"modified":"2025-07-20T11:20:56","modified_gmt":"2025-07-20T09:20:56","slug":"bar-food","status":"publish","type":"page","link":"https:\/\/helfer.openairdeisswil.ch\/index.php\/bar-food\/","title":{"rendered":"Bar &#038; Food"},"content":{"rendered":"\n<p><em>Ansprechperson: Salom\u00e9 + Christian<\/em><\/p>\n\n\n\n<h2 class=\"wp-block-heading\">Allgemein<\/h2>\n\n\n\n<p>Wir haben eine zentrale Bar\/Essens-Insel. Wenn jemand eine Pause braucht, kann diese gerne in einer ruhigen Minute, nach Absprache mit dem Team, gemacht werden. Es ist schwierig einzusch\u00e4tzen, wann und wo die Leute auf uns zukommen werden. Daher m\u00fcssen wir dort in Bezug auf die Essens- und Barkoordination etwas flexibel sein und einander helfen. Bei Schichtende der K\u00fcche wird die Bar bei Bedarf noch Hot-Dogs, Knoblauchbrot und Nussgipfel anbieten.<\/p>\n\n\n\n<figure class=\"wp-block-image size-large\"><img loading=\"lazy\" decoding=\"async\" width=\"1024\" height=\"683\" src=\"https:\/\/helfer.openairdeisswil.ch\/wp-content\/uploads\/2025\/04\/OAD_54-1024x683.jpg\" alt=\"\" class=\"wp-image-281\" srcset=\"https:\/\/helfer.openairdeisswil.ch\/wp-content\/uploads\/2025\/04\/OAD_54-1024x683.jpg 1024w, https:\/\/helfer.openairdeisswil.ch\/wp-content\/uploads\/2025\/04\/OAD_54-300x200.jpg 300w, https:\/\/helfer.openairdeisswil.ch\/wp-content\/uploads\/2025\/04\/OAD_54-768x512.jpg 768w, https:\/\/helfer.openairdeisswil.ch\/wp-content\/uploads\/2025\/04\/OAD_54-1536x1024.jpg 1536w, https:\/\/helfer.openairdeisswil.ch\/wp-content\/uploads\/2025\/04\/OAD_54-2048x1365.jpg 2048w, https:\/\/helfer.openairdeisswil.ch\/wp-content\/uploads\/2025\/04\/OAD_54-900x600.jpg 900w, https:\/\/helfer.openairdeisswil.ch\/wp-content\/uploads\/2025\/04\/OAD_54-1280x853.jpg 1280w\" sizes=\"auto, (max-width: 1024px) 100vw, 1024px\" \/><\/figure>\n\n\n\n<h2 class=\"wp-block-heading\">Drinks<\/h2>\n\n\n\n<p>Die Anleitung f\u00fcr die Drinks wird an der Bar ausgedruckt vorhanden sein. Speise- &amp; Getr\u00e4nkekarte ist ebenfalls an der Bar ausgedruckt vorhanden. Diese Dokumente werden wir euch auch noch vorg\u00e4ngig zusenden, damit ihr es bei Interesse schonmal anschauen k\u00f6nnt.<\/p>\n\n\n\n<p><strong>Speise- &amp;  Getr\u00e4nkekarte<\/strong><\/p>\n\n\n\n<figure class=\"wp-block-image size-large\"><img loading=\"lazy\" decoding=\"async\" width=\"1024\" height=\"724\" src=\"https:\/\/helfer.openairdeisswil.ch\/wp-content\/uploads\/2025\/07\/2025_Karte-1024x724.png\" alt=\"\" class=\"wp-image-306\" srcset=\"https:\/\/helfer.openairdeisswil.ch\/wp-content\/uploads\/2025\/07\/2025_Karte-1024x724.png 1024w, https:\/\/helfer.openairdeisswil.ch\/wp-content\/uploads\/2025\/07\/2025_Karte-300x212.png 300w, https:\/\/helfer.openairdeisswil.ch\/wp-content\/uploads\/2025\/07\/2025_Karte-768x543.png 768w, https:\/\/helfer.openairdeisswil.ch\/wp-content\/uploads\/2025\/07\/2025_Karte-900x636.png 900w, https:\/\/helfer.openairdeisswil.ch\/wp-content\/uploads\/2025\/07\/2025_Karte-1280x905.png 1280w, https:\/\/helfer.openairdeisswil.ch\/wp-content\/uploads\/2025\/07\/2025_Karte.png 1338w\" sizes=\"auto, (max-width: 1024px) 100vw, 1024px\" \/><\/figure>\n\n\n\n<figure class=\"wp-block-image size-large\"><img loading=\"lazy\" decoding=\"async\" width=\"683\" height=\"1024\" src=\"https:\/\/helfer.openairdeisswil.ch\/wp-content\/uploads\/2025\/04\/OAD_15-683x1024.jpg\" alt=\"\" class=\"wp-image-283\" srcset=\"https:\/\/helfer.openairdeisswil.ch\/wp-content\/uploads\/2025\/04\/OAD_15-683x1024.jpg 683w, https:\/\/helfer.openairdeisswil.ch\/wp-content\/uploads\/2025\/04\/OAD_15-200x300.jpg 200w, https:\/\/helfer.openairdeisswil.ch\/wp-content\/uploads\/2025\/04\/OAD_15-768x1152.jpg 768w, https:\/\/helfer.openairdeisswil.ch\/wp-content\/uploads\/2025\/04\/OAD_15-1024x1536.jpg 1024w, https:\/\/helfer.openairdeisswil.ch\/wp-content\/uploads\/2025\/04\/OAD_15-1365x2048.jpg 1365w, https:\/\/helfer.openairdeisswil.ch\/wp-content\/uploads\/2025\/04\/OAD_15-900x1350.jpg 900w, https:\/\/helfer.openairdeisswil.ch\/wp-content\/uploads\/2025\/04\/OAD_15-1280x1920.jpg 1280w, https:\/\/helfer.openairdeisswil.ch\/wp-content\/uploads\/2025\/04\/OAD_15-scaled.jpg 1707w\" sizes=\"auto, (max-width: 683px) 100vw, 683px\" \/><\/figure>\n\n\n\n<h2 class=\"wp-block-heading\">Darf man Energy mit Alkohol mischen?<\/h2>\n\n\n\n<figure class=\"wp-block-embed is-type-wp-embed is-provider-jugendschutz-blog wp-block-embed-jugendschutz-blog\"><div class=\"wp-block-embed__wrapper\">\n<blockquote class=\"wp-embedded-content\" data-secret=\"0jRlHt6whX\"><a href=\"https:\/\/jugendschutz.blog\/2020\/04\/22\/darf-man-energydrinks-mit-alkohol-mischen\/\">Darf man Energydrinks mit Alkohol&nbsp;mischen?<\/a><\/blockquote><iframe loading=\"lazy\" class=\"wp-embedded-content\" sandbox=\"allow-scripts\" security=\"restricted\" style=\"position: absolute; visibility: hidden;\" title=\"&#8222;Darf man Energydrinks mit Alkohol&nbsp;mischen?&#8220; &#8212; Jugendschutz.blog\" src=\"https:\/\/jugendschutz.blog\/2020\/04\/22\/darf-man-energydrinks-mit-alkohol-mischen\/embed\/#?secret=I4MT5nKvrw#?secret=0jRlHt6whX\" data-secret=\"0jRlHt6whX\" width=\"600\" height=\"338\" frameborder=\"0\" marginwidth=\"0\" marginheight=\"0\" scrolling=\"no\"><\/iframe>\n<\/div><\/figure>\n\n\n\n<h2 class=\"wp-block-heading\">Mehrweg<\/h2>\n\n\n\n<p>siehe <a href=\"https:\/\/helfer.openairdeisswil.ch\/index.php\/depot\/\" data-type=\"URL\" data-id=\"https:\/\/helfer.openairdeisswil.ch\/index.php\/depot\/\">Depot<\/a>&#8230;<\/p>\n\n\n\n<h2 class=\"wp-block-heading\">Abfallkonzept<\/h2>\n\n\n\n<figure class=\"wp-block-embed is-type-wp-embed is-provider-oad-helfer wp-block-embed-oad-helfer\"><div class=\"wp-block-embed__wrapper\">\n<blockquote class=\"wp-embedded-content\" data-secret=\"rKC9JSr5wW\"><a href=\"https:\/\/helfer.openairdeisswil.ch\/index.php\/ordnung\/\">Ordnung<\/a><\/blockquote><iframe loading=\"lazy\" class=\"wp-embedded-content\" sandbox=\"allow-scripts\" security=\"restricted\" style=\"position: absolute; visibility: hidden;\" title=\"&#171;Ordnung&#187; &#8212; OAD Helfer\" src=\"https:\/\/helfer.openairdeisswil.ch\/index.php\/ordnung\/embed\/#?secret=LeGz6RKDwc#?secret=rKC9JSr5wW\" data-secret=\"rKC9JSr5wW\" width=\"600\" height=\"338\" frameborder=\"0\" marginwidth=\"0\" marginheight=\"0\" scrolling=\"no\"><\/iframe>\n<\/div><\/figure>\n","protected":false},"excerpt":{"rendered":"<p>Ansprechperson: Salom\u00e9 + Christian Allgemein Wir haben eine zentrale Bar\/Essens-Insel. Wenn jemand eine Pause braucht, kann diese gerne in einer ruhigen Minute, nach Absprache mit dem Team, gemacht werden. Es ist schwierig einzusch\u00e4tzen, wann und wo die Leute auf uns zukommen werden. Daher m\u00fcssen wir dort in Bezug auf die Essens- und Barkoordination etwas flexibel [&hellip;]<\/p>\n","protected":false},"author":2,"featured_media":0,"parent":0,"menu_order":0,"comment_status":"closed","ping_status":"closed","template":"full-width-page-template.php","meta":{"footnotes":""},"class_list":["post-73","page","type-page","status-publish","hentry"],"_links":{"self":[{"href":"https:\/\/helfer.openairdeisswil.ch\/index.php\/wp-json\/wp\/v2\/pages\/73","targetHints":{"allow":["GET"]}}],"collection":[{"href":"https:\/\/helfer.openairdeisswil.ch\/index.php\/wp-json\/wp\/v2\/pages"}],"about":[{"href":"https:\/\/helfer.openairdeisswil.ch\/index.php\/wp-json\/wp\/v2\/types\/page"}],"author":[{"embeddable":true,"href":"https:\/\/helfer.openairdeisswil.ch\/index.php\/wp-json\/wp\/v2\/users\/2"}],"replies":[{"embeddable":true,"href":"https:\/\/helfer.openairdeisswil.ch\/index.php\/wp-json\/wp\/v2\/comments?post=73"}],"version-history":[{"count":14,"href":"https:\/\/helfer.openairdeisswil.ch\/index.php\/wp-json\/wp\/v2\/pages\/73\/revisions"}],"predecessor-version":[{"id":313,"href":"https:\/\/helfer.openairdeisswil.ch\/index.php\/wp-json\/wp\/v2\/pages\/73\/revisions\/313"}],"wp:attachment":[{"href":"https:\/\/helfer.openairdeisswil.ch\/index.php\/wp-json\/wp\/v2\/media?parent=73"}],"curies":[{"name":"wp","href":"https:\/\/api.w.org\/{rel}","templated":true}]}}