{"id":19,"date":"2023-04-21T18:37:56","date_gmt":"2023-04-21T16:37:56","guid":{"rendered":"https:\/\/helfer.openairdeisswil.ch\/?page_id=19"},"modified":"2025-04-11T16:31:30","modified_gmt":"2025-04-11T14:31:30","slug":"allgemein","status":"publish","type":"page","link":"https:\/\/helfer.openairdeisswil.ch\/index.php\/allgemein\/","title":{"rendered":"Informationen"},"content":{"rendered":"\n<h2 class=\"wp-block-heading\">Allgemein<\/h2>\n\n\n\n<p>Seid fr\u00fch genug da, damit ihr euch noch umsehen k\u00f6nnt. Meldet euch bei der Ankunft beim Eingang an, damit ihr das Helferb\u00e4ndchen erhaltet. Ihr d\u00fcrft auch schon am Donnerstag vorbeikommen, um euch umzusehen und Infos abzuholen. Das Shirt, Infos und Essens- &amp; Getr\u00e4nkebons werdet ihr beim Eingang erhalten. Anschliessend meldet euch bei Salom\u00e9, Noemi oder wenn ihr euch bereits auskennt, gleich bei eurem Posten. Ihr werdet anschliessend auf eurem Posten vom Verantwortlichen oder von der abzul\u00f6senden Person eingef\u00fchrt.<\/p>\n\n\n\n<p>Es gibt pro Bereich Ansprechpersonen, welche bei Fragen zur Verf\u00fcgung stehen. Falls ihr nicht vom Posten wegk\u00f6nnt, findet ihr die Telefonnummern auf der Helferliste oder hier im Postenbeschrieb.<\/p>\n\n\n\n<p><strong>Mitzubringen:<\/strong><\/p>\n\n\n\n<ul class=\"wp-block-list\">\n<li>Smartphone (falls vorhanden)<\/li>\n\n\n\n<li>gute Schuhe<\/li>\n<\/ul>\n\n\n\n<h2 class=\"wp-block-heading\">Aush\u00e4ngeschild<\/h2>\n\n\n\n<p>Sobald ihr das Helfer-Shirt tragt, seid ihr auf dem Gel\u00e4nde das Aush\u00e4ngeschild vom Openair Deisswil. Daher bitten wir euch die Augen offen zu halten und dazu beizutragen, dass das Gel\u00e4nde sicher und ordentlich ist. <\/p>\n\n\n\n<h2 class=\"wp-block-heading\">Verpflegung<\/h2>\n\n\n\n<p>Die Helfenden erhalten mit dem Badge pro Einsatztag einen Bon f\u00fcr eine Mahlzeit, sowie f\u00fcr ein Getr\u00e4nk von der Bar (Flasche Weisswein ausgeschlossen). Zudem stehen im Helfenden-Bereich jederzeit Softgetr\u00e4nke zur Verf\u00fcgung.<\/p>\n\n\n\n<h2 class=\"wp-block-heading\">Shirts<\/h2>\n\n\n\n<p>Am Eingang erhalten alle Helfer*innen wieder ein auf das Jahr spezifische Openair Deisswil 2025 T-Shirt! Es freut uns, dass wir diese Tradition weiterf\u00fchren und euch dieses Geschenk machen k\u00f6nnen.<\/p>\n\n\n\n<p>Waschempfehlung (damit ihr lange Freude daran haben k\u00f6nnt):<\/p>\n\n\n\n<ul class=\"wp-block-list\">\n<li>40 Grad (siehe Etikette)<\/li>\n\n\n\n<li>Vor dem Waschen \u00abauf links drehen\u00bb und seitenverkehrt waschen<\/li>\n\n\n\n<li>Keine chemischen Reinigungsmittel, keinen Weichsp\u00fcler<\/li>\n\n\n\n<li>Nicht in Tumbler trocknen<\/li>\n\n\n\n<li>Bedruckte Stellen nicht b\u00fcgeln<\/li>\n<\/ul>\n\n\n\n<figure class=\"wp-block-image size-large\"><img loading=\"lazy\" decoding=\"async\" width=\"683\" height=\"1024\" src=\"https:\/\/helfer.openairdeisswil.ch\/wp-content\/uploads\/2025\/04\/OAD_173-683x1024.jpg\" alt=\"\" class=\"wp-image-279\" srcset=\"https:\/\/helfer.openairdeisswil.ch\/wp-content\/uploads\/2025\/04\/OAD_173-683x1024.jpg 683w, https:\/\/helfer.openairdeisswil.ch\/wp-content\/uploads\/2025\/04\/OAD_173-200x300.jpg 200w, https:\/\/helfer.openairdeisswil.ch\/wp-content\/uploads\/2025\/04\/OAD_173-768x1152.jpg 768w, https:\/\/helfer.openairdeisswil.ch\/wp-content\/uploads\/2025\/04\/OAD_173-1024x1536.jpg 1024w, https:\/\/helfer.openairdeisswil.ch\/wp-content\/uploads\/2025\/04\/OAD_173-1365x2048.jpg 1365w, https:\/\/helfer.openairdeisswil.ch\/wp-content\/uploads\/2025\/04\/OAD_173-900x1350.jpg 900w, https:\/\/helfer.openairdeisswil.ch\/wp-content\/uploads\/2025\/04\/OAD_173-1280x1920.jpg 1280w, https:\/\/helfer.openairdeisswil.ch\/wp-content\/uploads\/2025\/04\/OAD_173-scaled.jpg 1707w\" sizes=\"auto, (max-width: 683px) 100vw, 683px\" \/><\/figure>\n\n\n\n<h2 class=\"wp-block-heading\">Ist Luisa da?<\/h2>\n\n\n\n<p>Luisa ist ein Hilfsangebot f\u00fcr Personen in der Partyszene, die aus einer unangenehmen Situation heraus m\u00f6chten. Mit der Frage <strong>\u201eIst Luisa hier?\u201c<\/strong> k\u00f6nnen sich Betroffene ans Personal wenden und bekommen unmittelbar und diskret Hilfe. <\/p>\n\n\n\n<p>Falls sich eine Person bei euch meldet, versucht sie diskret zur Seite oder einem anderen Standort zu begleiten (ihr d\u00fcrft eine Person in diesem Fall auch in den Helferbereich oder zu einem OK-Mitglied, Sanit\u00e4t oder Security begleiten). <\/p>\n\n\n\n<p>Die Person entscheidet dann selbst, welche Hilfem\u00f6glichkeit sie in Anspruch nehmen will, z.B. ein Taxi oder Freunde\/Freundinnen rufen. Wir machen am Eingang diskret darauf aufmerksam. <strong>Es ist wichtig, dass unsere Helfenden dieses Hilfsangebot kennen, falls jemand auf euch zukommen sollte.<\/strong><\/p>\n\n\n\n<figure class=\"wp-block-image size-full\"><img loading=\"lazy\" decoding=\"async\" width=\"677\" height=\"905\" src=\"https:\/\/helfer.openairdeisswil.ch\/wp-content\/uploads\/2023\/07\/Luisa.png\" alt=\"\" class=\"wp-image-98\" srcset=\"https:\/\/helfer.openairdeisswil.ch\/wp-content\/uploads\/2023\/07\/Luisa.png 677w, https:\/\/helfer.openairdeisswil.ch\/wp-content\/uploads\/2023\/07\/Luisa-224x300.png 224w\" sizes=\"auto, (max-width: 677px) 100vw, 677px\" \/><\/figure>\n\n\n\n<h2 class=\"wp-block-heading\">Alkohol<\/h2>\n\n\n\n<p>\u00dcberm\u00e4ssiger Alkoholkonsum w\u00e4hrend oder vor dem Einsatz bitten wir euch zu unterlassen. Bei Security und Shuttle-Diensten ist kein Alkoholkonsum erlaubt.<\/p>\n\n\n\n<h2 class=\"wp-block-heading\">Zugangs-Badges<\/h2>\n\n\n\n<p>Die Badges dienen der vereinfachten Zugangskontrolle f\u00fcr die Security und die zust\u00e4ndigen Helfer. Ebenfalls k\u00f6nnen wir so an der Bar gleich erkennen, wer vor uns steht. Um Fragen oder Verwirrung zu verhindern, also den Badge einfach immer dabeihaben.<\/p>\n\n\n\n<figure class=\"wp-block-table\"><table><tbody><tr><td><a><strong>Rolle<\/strong><\/a><\/td><td>OK \/ Sanit\u00e4t \/ Technik <br>Foto \/ Video<\/td><td>HelferIn<\/td><td>MusikerIn<\/td><td>Anwohner<\/td><td><\/td><\/tr><tr><td><strong>Zutritt<\/strong><\/td><td>\u00fcberall<\/td><td>Helferbereich<\/td><td>Backstage<\/td><td>Durchgang <br>zum Hof<\/td><td><\/td><\/tr><\/tbody><\/table><\/figure>\n\n\n\n<h2 class=\"wp-block-heading\">Bezahlung<\/h2>\n\n\n\n<p>Am Openair gibt folgende Zahlungsm\u00f6glichkeiten:<\/p>\n\n\n\n<ul class=\"wp-block-list\">\n<li>Bargeld<\/li>\n\n\n\n<li>Kartenzahlung mit SumUp One. Es werden alle Karten akzeptiert.<ul><li><strong>Vorbereitung:<\/strong> Bitte lade das Kartenger\u00e4t auf und stecke es nach der Zahlung wieder ein. Der Akku ist sehr schlecht!<\/li><\/ul><ul><li><strong>Login:<\/strong> Das Ger\u00e4t wird eingeloggt sein. Bei Problem mit Fabian schauen <\/li><\/ul><ul><li><strong>Zahlung erfassen:<\/strong> Gehe zum Men\u00fcpunkt Kasse. Zu bezahlender Betrag eingeben -&gt; Bezahlen -&gt; der Betrag wird auf dem K\u00e4stchen angezeigt. Der Kunde kann mit seiner Karte bezahlen. Bei erfolgreicher Zahlung wird dies auf dem Display angezeigt<\/li><\/ul><ul><li><strong>Zahlung abbrechen:<\/strong> Man kann die Zahlung auch stornieren<\/li><\/ul>\n<ul class=\"wp-block-list\">\n<li><strong>Probleme:<\/strong> Wende dich an Fabian K\u00fcng<\/li>\n<\/ul>\n<\/li>\n\n\n\n<li>Twint\n<ul class=\"wp-block-list\">\n<li>Auf dem Tisch am Eingang und auf dem Tresen an der Bar werden QR Codes aufliegen. G\u00e4ste k\u00f6nnen diese einlesen, den zu bezahlenden Betrag eingeben und validieren. <strong>Dabei bitte jeweils den Betrag und die Validierung auf dem Handy des Zahlers kontrollieren.<\/strong> &#8211;&gt; Die neuste Betrugsmasche ist der Printscreen des Best\u00e4tigungsbildschirmes. Gl\u00fccklicherweise kann die Echtheit von Zahlungen via Twint sehr leicht anhand einiger eindeutiger Merkmale festgestellt werden. Bei einem Verdacht mache Folgendes: Bei jeder Zahlung werden neben dem Betrag jeweils das aktuelle Datum und die Uhrzeit der Transaktion eingeblendet. In der Regel gen\u00fcgt ein Blick auf die Uhrzeit, um zu best\u00e4tigen, ob es sich um eine aktuelle Zahlung handelt. (Quelle: https:\/\/www.luzernerzeitung.ch\/zentralschweiz\/stadt-region-luzern\/horw-mehrere-tausend-franken-gehen-verloren-guuggemusig-warnt-vor-twint-betrug-ld.2408233)<\/li>\n<\/ul>\n<\/li>\n<\/ul>\n","protected":false},"excerpt":{"rendered":"<p>Allgemein Seid fr\u00fch genug da, damit ihr euch noch umsehen k\u00f6nnt. Meldet euch bei der Ankunft beim Eingang an, damit ihr das Helferb\u00e4ndchen erhaltet. Ihr d\u00fcrft auch schon am Donnerstag vorbeikommen, um euch umzusehen und Infos abzuholen. Das Shirt, Infos und Essens- &amp; Getr\u00e4nkebons werdet ihr beim Eingang erhalten. Anschliessend meldet euch bei Salom\u00e9, Noemi [&hellip;]<\/p>\n","protected":false},"author":2,"featured_media":0,"parent":0,"menu_order":0,"comment_status":"closed","ping_status":"closed","template":"full-width-page-template.php","meta":{"footnotes":""},"class_list":["post-19","page","type-page","status-publish","hentry"],"_links":{"self":[{"href":"https:\/\/helfer.openairdeisswil.ch\/index.php\/wp-json\/wp\/v2\/pages\/19","targetHints":{"allow":["GET"]}}],"collection":[{"href":"https:\/\/helfer.openairdeisswil.ch\/index.php\/wp-json\/wp\/v2\/pages"}],"about":[{"href":"https:\/\/helfer.openairdeisswil.ch\/index.php\/wp-json\/wp\/v2\/types\/page"}],"author":[{"embeddable":true,"href":"https:\/\/helfer.openairdeisswil.ch\/index.php\/wp-json\/wp\/v2\/users\/2"}],"replies":[{"embeddable":true,"href":"https:\/\/helfer.openairdeisswil.ch\/index.php\/wp-json\/wp\/v2\/comments?post=19"}],"version-history":[{"count":14,"href":"https:\/\/helfer.openairdeisswil.ch\/index.php\/wp-json\/wp\/v2\/pages\/19\/revisions"}],"predecessor-version":[{"id":280,"href":"https:\/\/helfer.openairdeisswil.ch\/index.php\/wp-json\/wp\/v2\/pages\/19\/revisions\/280"}],"wp:attachment":[{"href":"https:\/\/helfer.openairdeisswil.ch\/index.php\/wp-json\/wp\/v2\/media?parent=19"}],"curies":[{"name":"wp","href":"https:\/\/api.w.org\/{rel}","templated":true}]}}