{"id":113,"date":"2023-07-07T15:28:00","date_gmt":"2023-07-07T13:28:00","guid":{"rendered":"https:\/\/helfer.openairdeisswil.ch\/?page_id=113"},"modified":"2025-07-20T11:16:04","modified_gmt":"2025-07-20T09:16:04","slug":"ordnung","status":"publish","type":"page","link":"https:\/\/helfer.openairdeisswil.ch\/index.php\/ordnung\/","title":{"rendered":"Ordnung"},"content":{"rendered":"\n<p>Diese Aufgabe ist zwar als eine Stunde eingeteilt, kostet dich aber ca. 20 Minuten. Das Ziel ist es, das Gel\u00e4nde abzulaufen und etwas Ordnung zu machen. An der Bar \/ Depotr\u00fcckgabe stehen Putz- &amp; Desinfektionsmittel, Abfalls\u00e4cke sowie falls gew\u00fcnscht Handschuhe zur Verf\u00fcgung. Folgende Aufgaben:<\/p>\n\n\n\n<ul class=\"wp-block-list\">\n<li>Leere Tische reinigen und Abfall entsorgen<\/li>\n\n\n\n<li>Aschenbecher leeren oder ersetzen<\/li>\n\n\n\n<li>Volle Abfalls\u00e4cke wechseln<\/li>\n\n\n\n<li>Depotsammlung von Bar zu Depotstand bringen<\/li>\n\n\n\n<li>an Bar und Depotr\u00fcckgabe Hilfe anbieten f\u00fcr allf\u00e4llige Entsorgungs- oder Aufr\u00e4umarbeiten<\/li>\n<\/ul>\n\n\n\n<p>Die Abfallsammlung ist hinter dem Depotstand, siehe f\u00fcr weitere Info das Abfallkonzept.<\/p>\n\n\n\n<h2 class=\"wp-block-heading\">Abfallkonzept<\/h2>\n\n\n\n<div data-wp-interactive=\"core\/file\" class=\"wp-block-file\"><object data-wp-bind--hidden=\"!state.hasPdfPreview\" hidden class=\"wp-block-file__embed\" data=\"https:\/\/helfer.openairdeisswil.ch\/wp-content\/uploads\/2025\/07\/2025_Abfallkonzept.pdf\" type=\"application\/pdf\" style=\"width:100%;height:600px\" aria-label=\"Einbettung von 2025_Abfallkonzept.\"><\/object><a id=\"wp-block-file--media-01255d5b-3abf-46c5-af76-4fa5053a4019\" href=\"https:\/\/helfer.openairdeisswil.ch\/wp-content\/uploads\/2025\/07\/2025_Abfallkonzept.pdf\">2025_Abfallkonzept<\/a><a href=\"https:\/\/helfer.openairdeisswil.ch\/wp-content\/uploads\/2025\/07\/2025_Abfallkonzept.pdf\" class=\"wp-block-file__button wp-element-button\" download aria-describedby=\"wp-block-file--media-01255d5b-3abf-46c5-af76-4fa5053a4019\">Herunterladen<\/a><\/div>\n","protected":false},"excerpt":{"rendered":"<p>Diese Aufgabe ist zwar als eine Stunde eingeteilt, kostet dich aber ca. 20 Minuten. Das Ziel ist es, das Gel\u00e4nde abzulaufen und etwas Ordnung zu machen. An der Bar \/ Depotr\u00fcckgabe stehen Putz- &amp; Desinfektionsmittel, Abfalls\u00e4cke sowie falls gew\u00fcnscht Handschuhe zur Verf\u00fcgung. Folgende Aufgaben: Die Abfallsammlung ist hinter dem Depotstand, siehe f\u00fcr weitere Info das [&hellip;]<\/p>\n","protected":false},"author":2,"featured_media":0,"parent":0,"menu_order":0,"comment_status":"closed","ping_status":"closed","template":"full-width-page-template.php","meta":{"footnotes":""},"class_list":["post-113","page","type-page","status-publish","hentry"],"_links":{"self":[{"href":"https:\/\/helfer.openairdeisswil.ch\/index.php\/wp-json\/wp\/v2\/pages\/113","targetHints":{"allow":["GET"]}}],"collection":[{"href":"https:\/\/helfer.openairdeisswil.ch\/index.php\/wp-json\/wp\/v2\/pages"}],"about":[{"href":"https:\/\/helfer.openairdeisswil.ch\/index.php\/wp-json\/wp\/v2\/types\/page"}],"author":[{"embeddable":true,"href":"https:\/\/helfer.openairdeisswil.ch\/index.php\/wp-json\/wp\/v2\/users\/2"}],"replies":[{"embeddable":true,"href":"https:\/\/helfer.openairdeisswil.ch\/index.php\/wp-json\/wp\/v2\/comments?post=113"}],"version-history":[{"count":5,"href":"https:\/\/helfer.openairdeisswil.ch\/index.php\/wp-json\/wp\/v2\/pages\/113\/revisions"}],"predecessor-version":[{"id":311,"href":"https:\/\/helfer.openairdeisswil.ch\/index.php\/wp-json\/wp\/v2\/pages\/113\/revisions\/311"}],"wp:attachment":[{"href":"https:\/\/helfer.openairdeisswil.ch\/index.php\/wp-json\/wp\/v2\/media?parent=113"}],"curies":[{"name":"wp","href":"https:\/\/api.w.org\/{rel}","templated":true}]}}