{"id":110,"date":"2023-07-07T15:26:10","date_gmt":"2023-07-07T13:26:10","guid":{"rendered":"https:\/\/helfer.openairdeisswil.ch\/?page_id=110"},"modified":"2024-08-06T09:34:00","modified_gmt":"2024-08-06T07:34:00","slug":"auto-einweisung","status":"publish","type":"page","link":"https:\/\/helfer.openairdeisswil.ch\/index.php\/auto-einweisung\/","title":{"rendered":"Auto Einweisung"},"content":{"rendered":"\n<p><em>Ansprechperson: <strong>Theo B\u00fchlmann<\/strong><\/em><\/p>\n\n\n\n<p>Die Parkgeb\u00fchr (pro Auto) betr\u00e4gt <strong>10 CHF<\/strong>. Die Parkgeb\u00fchr kann in <strong>Bar<\/strong> (Portemonnaiet ist bei Ansprechsperson) oder mit <strong>Twint<\/strong> eingefordert werden.<br>Die Ansprechperson hat eine Liste mit den Namen aller Helfer.<br>Wenn sich Bandmitglieder erkennbar machen oder Helfer auf der Liste sind, m\u00fcssen sie keine Parkgeb\u00fchr bezahlen.<br>Wenn jemand weder Bargeld noch Twint dabei hat, kann der Eingang angefunkt und informiert werden, dass die besuchenden Person-XY eine Parkgeb\u00fchr mit Karte bezahlen muss.<\/p>\n\n\n\n<p>Einweisenden m\u00fcssen Leuchtwesten tragen.<\/p>\n\n\n\n<p>Einweisende sollen sich so positionieren, dass Autos abgefangen und zu den Parkpl\u00e4tzen geleitet werden k\u00f6nnen.<\/p>\n\n\n\n<h2 class=\"wp-block-heading\">Schlechtwetter Szenario<\/h2>\n\n\n\n<p>Wenn der Boden nass ist, d\u00fcrfen keine Autos im Feld geparkt werden, weil sie sonst nicht mehr raus kommen.<\/p>\n\n\n\n<p>Dann m\u00fcssen die Autos parallel zur Strasse am Strassenrand parkieren. Am Anfang der Auto-Kolone muss ein Triopan aufgestellt werden, welches bei Ansprechperson angefordert werden kann.<\/p>\n","protected":false},"excerpt":{"rendered":"<p>Ansprechperson: Theo B\u00fchlmann Die Parkgeb\u00fchr (pro Auto) betr\u00e4gt 10 CHF. Die Parkgeb\u00fchr kann in Bar (Portemonnaiet ist bei Ansprechsperson) oder mit Twint eingefordert werden.Die Ansprechperson hat eine Liste mit den Namen aller Helfer.Wenn sich Bandmitglieder erkennbar machen oder Helfer auf der Liste sind, m\u00fcssen sie keine Parkgeb\u00fchr bezahlen.Wenn jemand weder Bargeld noch Twint dabei hat, [&hellip;]<\/p>\n","protected":false},"author":2,"featured_media":0,"parent":0,"menu_order":0,"comment_status":"closed","ping_status":"closed","template":"full-width-page-template.php","meta":{"footnotes":""},"class_list":["post-110","page","type-page","status-publish","hentry"],"_links":{"self":[{"href":"https:\/\/helfer.openairdeisswil.ch\/index.php\/wp-json\/wp\/v2\/pages\/110","targetHints":{"allow":["GET"]}}],"collection":[{"href":"https:\/\/helfer.openairdeisswil.ch\/index.php\/wp-json\/wp\/v2\/pages"}],"about":[{"href":"https:\/\/helfer.openairdeisswil.ch\/index.php\/wp-json\/wp\/v2\/types\/page"}],"author":[{"embeddable":true,"href":"https:\/\/helfer.openairdeisswil.ch\/index.php\/wp-json\/wp\/v2\/users\/2"}],"replies":[{"embeddable":true,"href":"https:\/\/helfer.openairdeisswil.ch\/index.php\/wp-json\/wp\/v2\/comments?post=110"}],"version-history":[{"count":5,"href":"https:\/\/helfer.openairdeisswil.ch\/index.php\/wp-json\/wp\/v2\/pages\/110\/revisions"}],"predecessor-version":[{"id":256,"href":"https:\/\/helfer.openairdeisswil.ch\/index.php\/wp-json\/wp\/v2\/pages\/110\/revisions\/256"}],"wp:attachment":[{"href":"https:\/\/helfer.openairdeisswil.ch\/index.php\/wp-json\/wp\/v2\/media?parent=110"}],"curies":[{"name":"wp","href":"https:\/\/api.w.org\/{rel}","templated":true}]}}