{"id":101,"date":"2023-07-07T15:16:00","date_gmt":"2023-07-07T13:16:00","guid":{"rendered":"https:\/\/helfer.openairdeisswil.ch\/?page_id=101"},"modified":"2024-08-05T16:10:47","modified_gmt":"2024-08-05T14:10:47","slug":"camping","status":"publish","type":"page","link":"https:\/\/helfer.openairdeisswil.ch\/index.php\/camping\/","title":{"rendered":"Camping"},"content":{"rendered":"\n<p>Ansprechsperson: Noemi H\u00fcsser (Eingangs-Chefin und OK-Mitglied)<\/p>\n\n\n\n<p>Besucher k\u00f6nnen Camping-Tickets kaufen. Grunds\u00e4tzlich kann f\u00fcr den Camping zwischen 12:00 und 18:00 Uhr bei Beatrice Rufer eingecheckt werden. Wenn nach 18:00 Uhr noch jemand nach einem Platz fragt, kannst du versuchen, ob du Beatrice erreichst (Noemi sollte die Nr haben). Wenn du sie nicht erreichst, wendest du dich am besten an Timo (OK-Mitglied).<\/p>\n\n\n\n<h2 class=\"wp-block-heading\">Situationsplan<\/h2>\n\n\n\n<figure class=\"wp-block-image size-large\"><img loading=\"lazy\" decoding=\"async\" width=\"1024\" height=\"517\" src=\"https:\/\/helfer.openairdeisswil.ch\/wp-content\/uploads\/2024\/08\/Bildschirmfoto-2024-08-05-um-16.04.12-1024x517.png\" alt=\"\" class=\"wp-image-249\" srcset=\"https:\/\/helfer.openairdeisswil.ch\/wp-content\/uploads\/2024\/08\/Bildschirmfoto-2024-08-05-um-16.04.12-1024x517.png 1024w, https:\/\/helfer.openairdeisswil.ch\/wp-content\/uploads\/2024\/08\/Bildschirmfoto-2024-08-05-um-16.04.12-300x151.png 300w, https:\/\/helfer.openairdeisswil.ch\/wp-content\/uploads\/2024\/08\/Bildschirmfoto-2024-08-05-um-16.04.12-768x388.png 768w, https:\/\/helfer.openairdeisswil.ch\/wp-content\/uploads\/2024\/08\/Bildschirmfoto-2024-08-05-um-16.04.12-1536x776.png 1536w, https:\/\/helfer.openairdeisswil.ch\/wp-content\/uploads\/2024\/08\/Bildschirmfoto-2024-08-05-um-16.04.12-900x454.png 900w, https:\/\/helfer.openairdeisswil.ch\/wp-content\/uploads\/2024\/08\/Bildschirmfoto-2024-08-05-um-16.04.12-1280x646.png 1280w, https:\/\/helfer.openairdeisswil.ch\/wp-content\/uploads\/2024\/08\/Bildschirmfoto-2024-08-05-um-16.04.12.png 1636w\" sizes=\"auto, (max-width: 1024px) 100vw, 1024px\" \/><\/figure>\n\n\n\n<h2 class=\"wp-block-heading\">Weg vom Gel\u00e4nde zum Camping<\/h2>\n\n\n\n<figure class=\"wp-block-image size-large\"><img loading=\"lazy\" decoding=\"async\" width=\"1024\" height=\"540\" src=\"https:\/\/helfer.openairdeisswil.ch\/wp-content\/uploads\/2024\/08\/image-1024x540.png\" alt=\"\" class=\"wp-image-250\" srcset=\"https:\/\/helfer.openairdeisswil.ch\/wp-content\/uploads\/2024\/08\/image-1024x540.png 1024w, https:\/\/helfer.openairdeisswil.ch\/wp-content\/uploads\/2024\/08\/image-300x158.png 300w, https:\/\/helfer.openairdeisswil.ch\/wp-content\/uploads\/2024\/08\/image-768x405.png 768w, https:\/\/helfer.openairdeisswil.ch\/wp-content\/uploads\/2024\/08\/image-900x475.png 900w, https:\/\/helfer.openairdeisswil.ch\/wp-content\/uploads\/2024\/08\/image-1280x676.png 1280w, https:\/\/helfer.openairdeisswil.ch\/wp-content\/uploads\/2024\/08\/image.png 1442w\" sizes=\"auto, (max-width: 1024px) 100vw, 1024px\" \/><\/figure>\n\n\n\n<p><\/p>\n","protected":false},"excerpt":{"rendered":"<p>Ansprechsperson: Noemi H\u00fcsser (Eingangs-Chefin und OK-Mitglied) Besucher k\u00f6nnen Camping-Tickets kaufen. Grunds\u00e4tzlich kann f\u00fcr den Camping zwischen 12:00 und 18:00 Uhr bei Beatrice Rufer eingecheckt werden. Wenn nach 18:00 Uhr noch jemand nach einem Platz fragt, kannst du versuchen, ob du Beatrice erreichst (Noemi sollte die Nr haben). Wenn du sie nicht erreichst, wendest du dich [&hellip;]<\/p>\n","protected":false},"author":2,"featured_media":0,"parent":0,"menu_order":0,"comment_status":"closed","ping_status":"closed","template":"full-width-page-template.php","meta":{"footnotes":""},"class_list":["post-101","page","type-page","status-publish","hentry"],"_links":{"self":[{"href":"https:\/\/helfer.openairdeisswil.ch\/index.php\/wp-json\/wp\/v2\/pages\/101","targetHints":{"allow":["GET"]}}],"collection":[{"href":"https:\/\/helfer.openairdeisswil.ch\/index.php\/wp-json\/wp\/v2\/pages"}],"about":[{"href":"https:\/\/helfer.openairdeisswil.ch\/index.php\/wp-json\/wp\/v2\/types\/page"}],"author":[{"embeddable":true,"href":"https:\/\/helfer.openairdeisswil.ch\/index.php\/wp-json\/wp\/v2\/users\/2"}],"replies":[{"embeddable":true,"href":"https:\/\/helfer.openairdeisswil.ch\/index.php\/wp-json\/wp\/v2\/comments?post=101"}],"version-history":[{"count":3,"href":"https:\/\/helfer.openairdeisswil.ch\/index.php\/wp-json\/wp\/v2\/pages\/101\/revisions"}],"predecessor-version":[{"id":251,"href":"https:\/\/helfer.openairdeisswil.ch\/index.php\/wp-json\/wp\/v2\/pages\/101\/revisions\/251"}],"wp:attachment":[{"href":"https:\/\/helfer.openairdeisswil.ch\/index.php\/wp-json\/wp\/v2\/media?parent=101"}],"curies":[{"name":"wp","href":"https:\/\/api.w.org\/{rel}","templated":true}]}}